{"id":938,"date":"2020-08-26T16:19:30","date_gmt":"2020-08-26T16:19:30","guid":{"rendered":"https:\/\/www.avensisversicherungen.at\/?page_id=938"},"modified":"2022-09-27T13:57:27","modified_gmt":"2022-09-27T11:57:27","slug":"ueberuns","status":"publish","type":"page","link":"https:\/\/www.avensisversicherungen.at\/index.php\/ueberuns\/","title":{"rendered":"\u00dcber uns"},"content":{"rendered":"<p>[vc_row full_width=&#8220;stretch_row&#8220; hide_bg_image_on_tablet=&#8220;&#8220; hide_bg_image_on_mobile=&#8220;1&#8243; css=&#8220;.vc_custom_1509367371734{background-image: url(http:\/\/shieldgroup.ancorathemes.com\/wp-content\/uploads\/2017\/08\/bg_lady.jpg?id=286) !important;background-position: center !important;background-repeat: no-repeat !important;background-size: cover !important;}&#8220;][vc_column width=&#8220;1\/2&#8243;][\/vc_column][vc_column width=&#8220;1\/2&#8243;][vc_empty_space alter_height=&#8220;huge&#8220; hide_on_desktop=&#8220;&#8220; hide_on_notebook=&#8220;&#8220; hide_on_tablet=&#8220;&#8220; hide_on_mobile=&#8220;&#8220; css=&#8220;.vc_custom_1509112350323{margin-top: 1.5rem !important;}&#8220;]<div id=\"sc_title_1684945702\"\n\t\tclass=\"sc_title color_style_default sc_title_default\"><h6 class=\"sc_item_subtitle sc_title_subtitle sc_align_left sc_item_title_style_default\">Lernen Sie Avensis Versicherungen kennen<\/h6><h3 class=\"sc_item_title sc_title_title sc_align_left sc_item_title_style_default\">Unternehmenskultur<\/h3><div class=\"sc_item_descr sc_title_descr sc_align_left\"><p>Als Versicherungsagentur ist es uns ein besonderes Anliegen, unseren Kunden durch objektive Beratung einen Mehrwert zu bieten. \u00dcber 15 Jahre Erfahrung in der Versicherungsberatung, bestens ausgebildete Mitarbeiter sowie sehr gute Beziehungen zu allen marktrelevanten Playern verschaffen uns eine exzellente Marktposition. Unseren Kunden ersparen wir den Versicherungsvergleichsmarathon und ermitteln das passende Angebot. Auch im Rahmen der Schadenregulierung stehen wir mit Rat und Tat zur Seite.<\/p>\n<p>Es braucht Unternehmen wie Avensis Versicherungen die mit einem klaren Werteset, einem strukturierten, kundenorientierten Beratungsansatz und kompetenten Mitarbeitern einen Unterschied machen.<\/p>\n<p>Dabei steht der Mitarbeiter und dessen F\u00f6rderung sowie ein angenehmes Arbeitsklima stets im Vordergrund.<\/p>\n<p><b>Nur so k\u00f6nnen wir sie immer wieder aufs Neue begeistern!<\/b><\/p>\n<\/div><\/div><!-- \/.sc_title -->[vc_empty_space alter_height=&#8220;medium&#8220; hide_on_desktop=&#8220;&#8220; hide_on_notebook=&#8220;&#8220; hide_on_tablet=&#8220;&#8220; hide_on_mobile=&#8220;&#8220; css=&#8220;.vc_custom_1509112429648{margin-top: -0.6rem !important;}&#8220;]<a href=\"\/kontakt\/\" id=\"sc_button_736824646\" class=\"sc_button color_style_default sc_button_simple sc_button_size_normal sc_button_icon_left\"><span class=\"sc_button_text\"><span class=\"sc_button_title\">Kontakt<\/span><\/span><!-- \/.sc_button_text --><\/a><!-- \/.sc_button -->[vc_empty_space alter_height=&#8220;huge&#8220; hide_on_desktop=&#8220;&#8220; hide_on_notebook=&#8220;&#8220; hide_on_tablet=&#8220;&#8220; hide_on_mobile=&#8220;&#8220; css=&#8220;.vc_custom_1509112444353{margin-bottom: 0.7rem !important;}&#8220;][\/vc_column][\/vc_row][vc_row disable_element=&#8220;yes&#8220;][vc_column icons_position=&#8220;left&#8220;][vc_empty_space alter_height=&#8220;huge&#8220; hide_on_desktop=&#8220;&#8220; hide_on_notebook=&#8220;&#8220; hide_on_tablet=&#8220;&#8220; hide_on_mobile=&#8220;&#8220;]<div class=\"sc_team color_style_default sc_team_short\"><h3 class=\"sc_item_title sc_team_title sc_align_center sc_item_title_style_alt\">You Are In a Good Company!<\/h3><h6 class=\"sc_item_subtitle sc_team_subtitle sc_align_center sc_item_title_style_alt\">Get to Know Our Team<\/h6><div class=\"sc_team_columns_wrap sc_item_columns trx_addons_columns_wrap columns_padding_bottom\"><div class=\"trx_addons_column-1_4\"><div class=\"sc_team_item\">\n\t\t<div class=\"sc_team_item_info\">\n\t\t<div class=\"sc_team_item_header\">\n\t\t\t<h4 class=\"sc_team_item_title\"><a href=\"https:\/\/www.avensisversicherungen.at\/index.php\/team\/steven-smith\/\">Steven Smith<\/a><\/h4>\n\t\t\t<div class=\"sc_team_item_subtitle\">Insurance agent<\/div>\n\t\t<\/div>\n\t<\/div>\n<\/div>\n<\/div><div class=\"trx_addons_column-1_4\"><div class=\"sc_team_item\">\n\t\t<div class=\"sc_team_item_info\">\n\t\t<div class=\"sc_team_item_header\">\n\t\t\t<h4 class=\"sc_team_item_title\"><a href=\"https:\/\/www.avensisversicherungen.at\/index.php\/team\/sandra-walsh\/\">Sandra Walsh<\/a><\/h4>\n\t\t\t<div class=\"sc_team_item_subtitle\">Insurance agent<\/div>\n\t\t<\/div>\n\t<\/div>\n<\/div>\n<\/div><div class=\"trx_addons_column-1_4\"><div class=\"sc_team_item\">\n\t<div class=\"post_featured sc_team_item_thumb trx_addons_hover trx_addons_hover_style_info\">\n\t\t\t\t\t\t\t\t\t\t<a href=\"https:\/\/www.avensisversicherungen.at\/index.php\/team\/mark-johnson\/\" aria-hidden=\"true\"><img width=\"300\" height=\"375\" src=\"https:\/\/www.avensisversicherungen.at\/wp-content\/uploads\/2017\/07\/team3-300x375.jpg\" class=\"attachment-shieldgroup-thumb-team size-shieldgroup-thumb-team wp-post-image\" alt=\"Mark Johnson\" loading=\"lazy\" srcset=\"https:\/\/www.avensisversicherungen.at\/wp-content\/uploads\/2017\/07\/team3-300x375.jpg 300w, https:\/\/www.avensisversicherungen.at\/wp-content\/uploads\/2017\/07\/team3-240x300.jpg 240w, https:\/\/www.avensisversicherungen.at\/wp-content\/uploads\/2017\/07\/team3-819x1024.jpg 819w, https:\/\/www.avensisversicherungen.at\/wp-content\/uploads\/2017\/07\/team3-768x960.jpg 768w, https:\/\/www.avensisversicherungen.at\/wp-content\/uploads\/2017\/07\/team3-370x463.jpg 370w, https:\/\/www.avensisversicherungen.at\/wp-content\/uploads\/2017\/07\/team3-760x950.jpg 760w, https:\/\/www.avensisversicherungen.at\/wp-content\/uploads\/2017\/07\/team3-524x655.jpg 524w, https:\/\/www.avensisversicherungen.at\/wp-content\/uploads\/2017\/07\/team3.jpg 1000w\" sizes=\"(max-width: 300px) 100vw, 300px\" \/><\/a>\n\t\t\t\t\t<div class=\"trx_addons_hover_content\"><div class=\"sc_team_item_socials socials_wrap trx_addons_hover_info\"><a target=\"_blank\" href=\"https:\/\/www.facebook.com\/AncoraThemes\/\" class=\"social_item social_item_style_icons social_item_type_icons\"><span class=\"social_icon social_facebook\"><span class=\"icon-facebook\"><\/span><\/span><\/a><a target=\"_blank\" href=\"https:\/\/twitter.com\/ancora_themes\" class=\"social_item social_item_style_icons social_item_type_icons\"><span class=\"social_icon social_twitter\"><span class=\"icon-twitter\"><\/span><\/span><\/a><\/div><\/div><div class=\"trx_addons_hover_mask\"><\/div><\/div>\t<div class=\"sc_team_item_info\">\n\t\t<div class=\"sc_team_item_header\">\n\t\t\t<h4 class=\"sc_team_item_title\"><a href=\"https:\/\/www.avensisversicherungen.at\/index.php\/team\/mark-johnson\/\">Mark Johnson<\/a><\/h4>\n\t\t\t<div class=\"sc_team_item_subtitle\">Insurance agent<\/div>\n\t\t<\/div>\n\t<\/div>\n<\/div>\n<\/div><div class=\"trx_addons_column-1_4\"><div class=\"sc_team_item\">\n\t<div class=\"post_featured sc_team_item_thumb trx_addons_hover trx_addons_hover_style_info\">\n\t\t\t\t\t\t\t\t\t\t<a href=\"https:\/\/www.avensisversicherungen.at\/index.php\/team\/julia-barton\/\" aria-hidden=\"true\"><img width=\"300\" height=\"375\" src=\"https:\/\/www.avensisversicherungen.at\/wp-content\/uploads\/2017\/07\/team4-300x375.jpg\" class=\"attachment-shieldgroup-thumb-team size-shieldgroup-thumb-team wp-post-image\" alt=\"Julia Barton\" loading=\"lazy\" srcset=\"https:\/\/www.avensisversicherungen.at\/wp-content\/uploads\/2017\/07\/team4-300x375.jpg 300w, https:\/\/www.avensisversicherungen.at\/wp-content\/uploads\/2017\/07\/team4-240x300.jpg 240w, https:\/\/www.avensisversicherungen.at\/wp-content\/uploads\/2017\/07\/team4-819x1024.jpg 819w, https:\/\/www.avensisversicherungen.at\/wp-content\/uploads\/2017\/07\/team4-768x960.jpg 768w, https:\/\/www.avensisversicherungen.at\/wp-content\/uploads\/2017\/07\/team4-370x463.jpg 370w, https:\/\/www.avensisversicherungen.at\/wp-content\/uploads\/2017\/07\/team4-760x950.jpg 760w, https:\/\/www.avensisversicherungen.at\/wp-content\/uploads\/2017\/07\/team4-524x655.jpg 524w, https:\/\/www.avensisversicherungen.at\/wp-content\/uploads\/2017\/07\/team4.jpg 1000w\" sizes=\"(max-width: 300px) 100vw, 300px\" \/><\/a>\n\t\t\t\t\t<div class=\"trx_addons_hover_content\"><div class=\"sc_team_item_socials socials_wrap trx_addons_hover_info\"><a target=\"_blank\" href=\"https:\/\/www.facebook.com\/AncoraThemes\/\" class=\"social_item social_item_style_icons social_item_type_icons\"><span class=\"social_icon social_facebook\"><span class=\"icon-facebook\"><\/span><\/span><\/a><a target=\"_blank\" href=\"https:\/\/twitter.com\/ancora_themes\" class=\"social_item social_item_style_icons social_item_type_icons\"><span class=\"social_icon social_twitter\"><span class=\"icon-twitter\"><\/span><\/span><\/a><\/div><\/div><div class=\"trx_addons_hover_mask\"><\/div><\/div>\t<div class=\"sc_team_item_info\">\n\t\t<div class=\"sc_team_item_header\">\n\t\t\t<h4 class=\"sc_team_item_title\"><a href=\"https:\/\/www.avensisversicherungen.at\/index.php\/team\/julia-barton\/\">Julia Barton<\/a><\/h4>\n\t\t\t<div class=\"sc_team_item_subtitle\">Insurance agent<\/div>\n\t\t<\/div>\n\t<\/div>\n<\/div>\n<\/div><\/div><div class=\"sc_item_button sc_button_wrap sc_align_center\"><a href=\"\/team\/\" id=\"sc_button_1467850056\" class=\"sc_button color_style_default sc_button_default sc_item_button sc_item_button_default sc_team_button sc_button_size_normal sc_button_icon_left\"><span class=\"sc_button_text\"><span class=\"sc_button_title\">More Team Members<\/span><\/span><!-- \/.sc_button_text --><\/a><!-- \/.sc_button --><\/div><!-- \/.sc_item_button --><\/div><!-- \/.sc_team -->[vc_empty_space alter_height=&#8220;huge&#8220; hide_on_desktop=&#8220;&#8220; hide_on_notebook=&#8220;&#8220; hide_on_tablet=&#8220;&#8220; hide_on_mobile=&#8220;&#8220;][\/vc_column][\/vc_row][vc_row full_width=&#8220;stretch_row&#8220; equal_height=&#8220;yes&#8220; content_placement=&#8220;middle&#8220; hide_bg_image_on_tablet=&#8220;&#8220; hide_bg_image_on_mobile=&#8220;&#8220; css=&#8220;.vc_custom_1568366277281{background-color: #f2f5f7 !important;}&#8220;][vc_column icons_position=&#8220;left&#8220;][vc_empty_space alter_height=&#8220;huge&#8220; hide_on_desktop=&#8220;&#8220; hide_on_notebook=&#8220;&#8220; hide_on_tablet=&#8220;&#8220; hide_on_mobile=&#8220;&#8220;][vc_empty_space hide_on_desktop=&#8220;&#8220; hide_on_notebook=&#8220;&#8220; hide_on_tablet=&#8220;&#8220; hide_on_mobile=&#8220;&#8220;][\/vc_column][vc_column icons_position=&#8220;left&#8220; offset=&#8220;vc_col-md-5&#8243;]<div id=\"sc_title_353833497\"\n\t\tclass=\"sc_title color_style_default sc_title_default\"><h6 class=\"sc_item_subtitle sc_title_subtitle sc_align_left sc_item_title_style_default\">Kunden\u00adbewertungen<\/h6><h3 class=\"sc_item_title sc_title_title sc_align_left sc_item_title_style_default\">Danke f\u00fcr die<br \/>\npers\u00f6nlichen<br \/>\nBewertungen<\/h3><\/div><!-- \/.sc_title -->[\/vc_column][vc_column icons_position=&#8220;left&#8220; offset=&#8220;vc_hidden-lg vc_hidden-md&#8220;][vc_empty_space alter_height=&#8220;medium&#8220; hide_on_desktop=&#8220;&#8220; hide_on_notebook=&#8220;&#8220; hide_on_tablet=&#8220;&#8220; hide_on_mobile=&#8220;&#8220;][\/vc_column][vc_column icons_position=&#8220;left&#8220; offset=&#8220;vc_col-md-offset-1 vc_col-md-6&#8243;]<div id=\"sc_content_1814020283\"\n\t\tclass=\"sc_content color_style_default scheme_dark sc_content_default sc_float_center  vc_custom_1509109648051\"><div class=\"sc_content_container\"><div class=\"sc_testimonials color_style_default sc_testimonials_default\"><div class=\"sc_testimonials_slider sc_item_slider slider_swiper_outer slider_outer slider_outer_nocontrols slider_outer_pagination slider_outer_pagination_bullets slider_outer_pagination_pos_bottom slider_outer_one\">\n\t<div class=\"slider_container swiper-slider-container slider_swiper slider_noresize slider_nocontrols slider_pagination slider_pagination_bullets slider_pagination_pos_bottom slider_one\" data-slides-min-width=\"290\" data-pagination=\"bullets\">\n\t\t<div class=\"slides slider-wrapper swiper-wrapper sc_item_columns_1\"><div class=\"slider-slide swiper-slide\"><div class=\"sc_testimonials_item\">\n\t<div class=\"sc_testimonials_item_content\"><p>Avensis Versicherungen wurde mir von einer ehem. Kollegin empfohlen und hat damals unsere Firma in Versicherungsangelegenheiten umfassend beraten und betreut. Er hat uns so \u00fcberzeugt, dass er mich und meine Familie inzwischen auch in privaten Versicherungsangelegenheiten betreut. Vielen Dank!<\/p>\n<\/div>\n\t<div class=\"sc_testimonials_item_author\">\n\t\t\t\t\t<div class=\"sc_testimonials_item_author_avatar\"><img width=\"90\" height=\"90\" src=\"https:\/\/www.avensisversicherungen.at\/wp-content\/uploads\/2017\/07\/testimonials_img-90x90.jpg\" class=\"attachment-shieldgroup-thumb-tiny size-shieldgroup-thumb-tiny wp-post-image\" alt=\"Josefine\" loading=\"lazy\" srcset=\"https:\/\/www.avensisversicherungen.at\/wp-content\/uploads\/2017\/07\/testimonials_img-90x90.jpg 90w, https:\/\/www.avensisversicherungen.at\/wp-content\/uploads\/2017\/07\/testimonials_img-300x300.jpg 300w, https:\/\/www.avensisversicherungen.at\/wp-content\/uploads\/2017\/07\/testimonials_img-150x150.jpg 150w, https:\/\/www.avensisversicherungen.at\/wp-content\/uploads\/2017\/07\/testimonials_img-370x370.jpg 370w, https:\/\/www.avensisversicherungen.at\/wp-content\/uploads\/2017\/07\/testimonials_img-100x100.jpg 100w, https:\/\/www.avensisversicherungen.at\/wp-content\/uploads\/2017\/07\/testimonials_img.jpg 500w\" sizes=\"(max-width: 90px) 100vw, 90px\" \/><\/div>\n\t\t\t\t<div class=\"sc_testimonials_item_author_data\">\n\t\t\t<h4 class=\"sc_testimonials_item_author_title\">Josefine<\/h4>\n\t\t\t<div class=\"sc_testimonials_item_author_subtitle\">Wien<\/div>\n\t\t<\/div>\n\t<\/div>\n<\/div>\n<\/div><div class=\"slider-slide swiper-slide\"><div class=\"sc_testimonials_item\">\n\t<div class=\"sc_testimonials_item_content\"><p>Seit Jahren begleitet mich und meinen Mann in Versicherungsfragen Avensis Versicherung Team. Sie hat sich immer als kompetent und zuverl\u00e4ssig erwiesen. F\u00fcr seinen oft erforderlichen pers\u00f6nlichen Einsatz danken wir bis heute.<\/p>\n<\/div>\n\t<div class=\"sc_testimonials_item_author\">\n\t\t\t\t\t<div class=\"sc_testimonials_item_author_avatar\"><img width=\"90\" height=\"90\" src=\"https:\/\/www.avensisversicherungen.at\/wp-content\/uploads\/2017\/07\/2testimon-90x90.jpg\" class=\"attachment-shieldgroup-thumb-tiny size-shieldgroup-thumb-tiny wp-post-image\" alt=\"Katharina\" loading=\"lazy\" srcset=\"https:\/\/www.avensisversicherungen.at\/wp-content\/uploads\/2017\/07\/2testimon-90x90.jpg 90w, https:\/\/www.avensisversicherungen.at\/wp-content\/uploads\/2017\/07\/2testimon-300x300.jpg 300w, https:\/\/www.avensisversicherungen.at\/wp-content\/uploads\/2017\/07\/2testimon-150x150.jpg 150w, https:\/\/www.avensisversicherungen.at\/wp-content\/uploads\/2017\/07\/2testimon-370x370.jpg 370w, https:\/\/www.avensisversicherungen.at\/wp-content\/uploads\/2017\/07\/2testimon-100x100.jpg 100w, https:\/\/www.avensisversicherungen.at\/wp-content\/uploads\/2017\/07\/2testimon.jpg 500w\" sizes=\"(max-width: 90px) 100vw, 90px\" \/><\/div>\n\t\t\t\t<div class=\"sc_testimonials_item_author_data\">\n\t\t\t<h4 class=\"sc_testimonials_item_author_title\">Katharina<\/h4>\n\t\t\t<div class=\"sc_testimonials_item_author_subtitle\">Wiener Neustadt<\/div>\n\t\t<\/div>\n\t<\/div>\n<\/div>\n<\/div><\/div><\/div><div class=\"slider_pagination_wrap swiper-pagination\"><\/div><\/div><\/div><!-- \/.sc_testimonials --><\/div><\/div><!-- \/.sc_content -->[\/vc_column][vc_column icons_position=&#8220;left&#8220;][vc_empty_space alter_height=&#8220;huge&#8220; hide_on_desktop=&#8220;&#8220; hide_on_notebook=&#8220;&#8220; hide_on_tablet=&#8220;&#8220; hide_on_mobile=&#8220;&#8220;][vc_empty_space hide_on_desktop=&#8220;&#8220; hide_on_notebook=&#8220;&#8220; hide_on_tablet=&#8220;&#8220; hide_on_mobile=&#8220;&#8220;][vc_empty_space hide_on_desktop=&#8220;&#8220; hide_on_notebook=&#8220;&#8220; hide_on_tablet=&#8220;&#8220; hide_on_mobile=&#8220;&#8220;][\/vc_column][\/vc_row]<\/p>\n","protected":false},"excerpt":{"rendered":"<p>[vc_row full_width=&#8220;stretch_row&#8220; hide_bg_image_on_tablet=&#8220;&#8220; hide_bg_image_on_mobile=&#8220;1&#8243; css=&#8220;.vc_custom_1509367371734{background-image: url(http:\/\/shieldgroup.ancorathemes.com\/wp-content\/uploads\/2017\/08\/bg_lady.jpg?id=286) !important;background-position: center !important;background-repeat: no-repeat !important;background-size: cover !important;}&#8220;][vc_column width=&#8220;1\/2&#8243;][\/vc_column][vc_column width=&#8220;1\/2&#8243;][vc_empty_space alter_height=&#8220;huge&#8220; hide_on_desktop=&#8220;&#8220; hide_on_notebook=&#8220;&#8220; hide_on_tablet=&#8220;&#8220; hide_on_mobile=&#8220;&#8220; css=&#8220;.vc_custom_1509112350323{margin-top: 1.5rem !important;}&#8220;][vc_empty_space alter_height=&#8220;medium&#8220; hide_on_desktop=&#8220;&#8220; hide_on_notebook=&#8220;&#8220; hide_on_tablet=&#8220;&#8220; hide_on_mobile=&#8220;&#8220; css=&#8220;.vc_custom_1509112429648{margin-top: -0.6rem !important;}&#8220;][vc_empty_space alter_height=&#8220;huge&#8220; hide_on_desktop=&#8220;&#8220; hide_on_notebook=&#8220;&#8220; hide_on_tablet=&#8220;&#8220; hide_on_mobile=&#8220;&#8220; css=&#8220;.vc_custom_1509112444353{margin-bottom: 0.7rem !important;}&#8220;][\/vc_column][\/vc_row][vc_row disable_element=&#8220;yes&#8220;][vc_column icons_position=&#8220;left&#8220;][vc_empty_space alter_height=&#8220;huge&#8220; hide_on_desktop=&#8220;&#8220; hide_on_notebook=&#8220;&#8220; hide_on_tablet=&#8220;&#8220; hide_on_mobile=&#8220;&#8220;][vc_empty_space alter_height=&#8220;huge&#8220; hide_on_desktop=&#8220;&#8220; hide_on_notebook=&#8220;&#8220; hide_on_tablet=&#8220;&#8220; hide_on_mobile=&#8220;&#8220;][\/vc_column][\/vc_row][vc_row full_width=&#8220;stretch_row&#8220; equal_height=&#8220;yes&#8220; content_placement=&#8220;middle&#8220; hide_bg_image_on_tablet=&#8220;&#8220; hide_bg_image_on_mobile=&#8220;&#8220; css=&#8220;.vc_custom_1568366277281{background-color: #f2f5f7 !important;}&#8220;][vc_column icons_position=&#8220;left&#8220;][vc_empty_space&hellip;<\/p>\n","protected":false},"author":1,"featured_media":0,"parent":0,"menu_order":0,"comment_status":"closed","ping_status":"closed","template":"","meta":[],"yoast_head":"<!-- This site is optimized with the Yoast SEO plugin v14.8.1 - https:\/\/yoast.com\/wordpress\/plugins\/seo\/ -->\n<title>\u00dcber uns - Avensis Versicherungsagentur<\/title>\n<meta name=\"robots\" content=\"index, follow\" \/>\n<meta name=\"googlebot\" content=\"index, follow, max-snippet:-1, max-image-preview:large, max-video-preview:-1\" \/>\n<meta name=\"bingbot\" content=\"index, follow, max-snippet:-1, max-image-preview:large, max-video-preview:-1\" \/>\n<link rel=\"canonical\" href=\"https:\/\/www.avensisversicherungen.at\/index.php\/ueberuns\/\" \/>\n<meta property=\"og:locale\" content=\"de_DE\" \/>\n<meta property=\"og:type\" content=\"article\" \/>\n<meta property=\"og:title\" content=\"\u00dcber uns - Avensis Versicherungsagentur\" \/>\n<meta property=\"og:description\" content=\"[vc_row full_width=&#8220;stretch_row&#8220; hide_bg_image_on_tablet=&#8220;&#8220; hide_bg_image_on_mobile=&#8220;1&#8243; css=&#8220;.vc_custom_1509367371734{background-image: url(http:\/\/shieldgroup.ancorathemes.com\/wp-content\/uploads\/2017\/08\/bg_lady.jpg?id=286) !important;background-position: center !important;background-repeat: no-repeat !important;background-size: cover !important;}&#8220;][vc_column width=&#8220;1\/2&#8243;][\/vc_column][vc_column width=&#8220;1\/2&#8243;][vc_empty_space alter_height=&#8220;huge&#8220; hide_on_desktop=&#8220;&#8220; hide_on_notebook=&#8220;&#8220; hide_on_tablet=&#8220;&#8220; hide_on_mobile=&#8220;&#8220; css=&#8220;.vc_custom_1509112350323{margin-top: 1.5rem !important;}&#8220;][vc_empty_space alter_height=&#8220;medium&#8220; hide_on_desktop=&#8220;&#8220; hide_on_notebook=&#8220;&#8220; hide_on_tablet=&#8220;&#8220; hide_on_mobile=&#8220;&#8220; css=&#8220;.vc_custom_1509112429648{margin-top: -0.6rem !important;}&#8220;][vc_empty_space alter_height=&#8220;huge&#8220; hide_on_desktop=&#8220;&#8220; hide_on_notebook=&#8220;&#8220; hide_on_tablet=&#8220;&#8220; hide_on_mobile=&#8220;&#8220; css=&#8220;.vc_custom_1509112444353{margin-bottom: 0.7rem !important;}&#8220;][\/vc_column][\/vc_row][vc_row disable_element=&#8220;yes&#8220;][vc_column icons_position=&#8220;left&#8220;][vc_empty_space alter_height=&#8220;huge&#8220; hide_on_desktop=&#8220;&#8220; hide_on_notebook=&#8220;&#8220; hide_on_tablet=&#8220;&#8220; hide_on_mobile=&#8220;&#8220;][vc_empty_space alter_height=&#8220;huge&#8220; hide_on_desktop=&#8220;&#8220; hide_on_notebook=&#8220;&#8220; hide_on_tablet=&#8220;&#8220; hide_on_mobile=&#8220;&#8220;][\/vc_column][\/vc_row][vc_row full_width=&#8220;stretch_row&#8220; equal_height=&#8220;yes&#8220; content_placement=&#8220;middle&#8220; hide_bg_image_on_tablet=&#8220;&#8220; hide_bg_image_on_mobile=&#8220;&#8220; css=&#8220;.vc_custom_1568366277281{background-color: #f2f5f7 !important;}&#8220;][vc_column icons_position=&#8220;left&#8220;][vc_empty_space&hellip;\" \/>\n<meta property=\"og:url\" content=\"https:\/\/www.avensisversicherungen.at\/index.php\/ueberuns\/\" \/>\n<meta property=\"og:site_name\" content=\"Avensis Versicherungsagentur\" \/>\n<meta property=\"article:modified_time\" content=\"2022-09-27T11:57:27+00:00\" \/>\n<meta name=\"twitter:card\" content=\"summary_large_image\" \/>\n<script type=\"application\/ld+json\" class=\"yoast-schema-graph\">{\"@context\":\"https:\/\/schema.org\",\"@graph\":[{\"@type\":\"WebSite\",\"@id\":\"https:\/\/www.avensisversicherungen.at\/#website\",\"url\":\"https:\/\/www.avensisversicherungen.at\/\",\"name\":\"Avensis Versicherungsagentur\",\"description\":\"Versicherungsberater\/-in im Au\\u00dfendienst. Mehr Sicherheit. Versicherungsleistung: Lebensversicherung, Pensionsversicherung, Unfallversicherung, Haushaltsversicherung, Rechtschutz, Kasko..\",\"potentialAction\":[{\"@type\":\"SearchAction\",\"target\":\"https:\/\/www.avensisversicherungen.at\/?s={search_term_string}\",\"query-input\":\"required name=search_term_string\"}],\"inLanguage\":\"de\"},{\"@type\":\"WebPage\",\"@id\":\"https:\/\/www.avensisversicherungen.at\/index.php\/ueberuns\/#webpage\",\"url\":\"https:\/\/www.avensisversicherungen.at\/index.php\/ueberuns\/\",\"name\":\"\\u00dcber uns - Avensis Versicherungsagentur\",\"isPartOf\":{\"@id\":\"https:\/\/www.avensisversicherungen.at\/#website\"},\"datePublished\":\"2020-08-26T16:19:30+00:00\",\"dateModified\":\"2022-09-27T11:57:27+00:00\",\"inLanguage\":\"de\",\"potentialAction\":[{\"@type\":\"ReadAction\",\"target\":[\"https:\/\/www.avensisversicherungen.at\/index.php\/ueberuns\/\"]}]}]}<\/script>\n<!-- \/ Yoast SEO plugin. -->","_links":{"self":[{"href":"https:\/\/www.avensisversicherungen.at\/index.php\/wp-json\/wp\/v2\/pages\/938"}],"collection":[{"href":"https:\/\/www.avensisversicherungen.at\/index.php\/wp-json\/wp\/v2\/pages"}],"about":[{"href":"https:\/\/www.avensisversicherungen.at\/index.php\/wp-json\/wp\/v2\/types\/page"}],"author":[{"embeddable":true,"href":"https:\/\/www.avensisversicherungen.at\/index.php\/wp-json\/wp\/v2\/users\/1"}],"replies":[{"embeddable":true,"href":"https:\/\/www.avensisversicherungen.at\/index.php\/wp-json\/wp\/v2\/comments?post=938"}],"version-history":[{"count":9,"href":"https:\/\/www.avensisversicherungen.at\/index.php\/wp-json\/wp\/v2\/pages\/938\/revisions"}],"predecessor-version":[{"id":1162,"href":"https:\/\/www.avensisversicherungen.at\/index.php\/wp-json\/wp\/v2\/pages\/938\/revisions\/1162"}],"wp:attachment":[{"href":"https:\/\/www.avensisversicherungen.at\/index.php\/wp-json\/wp\/v2\/media?parent=938"}],"curies":[{"name":"wp","href":"https:\/\/api.w.org\/{rel}","templated":true}]}}