{"id":949,"date":"2020-08-26T17:07:07","date_gmt":"2020-08-26T17:07:07","guid":{"rendered":"https:\/\/www.avensisversicherungen.at\/?page_id=949"},"modified":"2020-08-26T17:58:52","modified_gmt":"2020-08-26T17:58:52","slug":"impressum","status":"publish","type":"page","link":"https:\/\/www.avensisversicherungen.at\/index.php\/impressum\/","title":{"rendered":"Impressum"},"content":{"rendered":"<p>[vc_row][vc_column icons_position=&#8220;left&#8220;][vc_column_text]<strong>Avensis KG<\/strong><br \/>\nFelberstra\u00dfe 2<br \/>\n1150 Wien<br \/>\n\u00d6sterreich<\/p>\n<p><strong><br \/>\nTel :<\/strong> <a href=\"tel:+4317867266\">+43 1 786 72 66<\/a><br \/>\n<strong>E-Mail :<\/strong> <a href=\"mailto:office@avensisversicherungen.at\">office@avensisversicherungen.at<\/a><br \/>\n<strong>Web:<\/strong> <a href=\"https:\/\/www.avensisversicherungen.at\">www.avensisversicherungen.at<\/a><\/p>\n<p>&nbsp;<\/p>\n<p>Gesch\u00e4ftsf\u00fchrer ist verantwortlich f\u00fcr den eigenen Inhalt der Webseite<br \/>\nEingetragen im Firmenbuch zu FN495822a, zust\u00e4ndiges Gericht Handelsgericht Wien<\/p>\n<div><strong>Ust-ID:<\/strong> ATU73723429<\/div>\n<div><strong>Firmenbuchnummer:<\/strong> FN495822a<br \/>\nHandelsgericht Wien<\/div>\n<p>&nbsp;<\/p>\n<p><strong>Haftungshinweis:<\/strong><br \/>\nTrotz sorgf\u00e4ltiger inhaltlicher Kontrolle \u00fcbernehmen wir keine Haftung f\u00fcr die Inhalte externer Links und Fotos. F\u00fcr den Inhalt der verlinkten Seiten und ver\u00f6ffentlichten Fotos sind ausschlie\u00dflich deren Betreiber verantwortlich. Die Domain www.avensisversicherungen.at inklusive aller Sub-Domains verweisen mit Links zu anderen Seiten im Internet. F\u00fcr diese F\u00e4lle gilt: Die Avensis Versicherungen als Betreiber von www.avensisversicherungen.at erkl\u00e4rt ausdr\u00fccklich, dass sie keinerlei Einfluss auf die Gestaltung und die Inhalte der verlinkten und eingespielten Seiten und Fotos hat. Aus diesem Grunde distanzieren sich www.avensisversicherungen.at Avensis Versicherungen ausdr\u00fccklich von allen Inhalten aller verlinkten Seiten und ver\u00f6ffentlichten Fotos auf der Webseite und machen sich diese Inhalte nicht zu Eigen. Diese Erkl\u00e4rung gilt f\u00fcr alle Seiten, zu denen Links f\u00fchren.[\/vc_column_text][vc_separator style=&#8220;dashed&#8220;][\/vc_column][\/vc_row]<\/p>\n","protected":false},"excerpt":{"rendered":"<p>[vc_row][vc_column icons_position=&#8220;left&#8220;][vc_column_text]Avensis KG Felberstra\u00dfe 2 1150 Wien \u00d6sterreich Tel : +43 1 786 72 66 E-Mail : office@avensisversicherungen.at Web: www.avensisversicherungen.at &nbsp; Gesch\u00e4ftsf\u00fchrer ist verantwortlich f\u00fcr den eigenen Inhalt der Webseite Eingetragen im Firmenbuch zu FN495822a, zust\u00e4ndiges Gericht Handelsgericht Wien Ust-ID: ATU73723429 Firmenbuchnummer: FN495822a Handelsgericht Wien &nbsp; Haftungshinweis: Trotz sorgf\u00e4ltiger inhaltlicher Kontrolle \u00fcbernehmen wir keine Haftung f\u00fcr die Inhalte externer Links&hellip;<\/p>\n","protected":false},"author":1,"featured_media":0,"parent":0,"menu_order":0,"comment_status":"closed","ping_status":"closed","template":"","meta":[],"yoast_head":"<!-- This site is optimized with the Yoast SEO plugin v14.8.1 - https:\/\/yoast.com\/wordpress\/plugins\/seo\/ -->\n<title>Impressum - Avensis Versicherungsagentur<\/title>\n<meta name=\"robots\" content=\"index, follow\" \/>\n<meta name=\"googlebot\" content=\"index, follow, max-snippet:-1, max-image-preview:large, max-video-preview:-1\" \/>\n<meta name=\"bingbot\" content=\"index, follow, max-snippet:-1, max-image-preview:large, max-video-preview:-1\" \/>\n<link rel=\"canonical\" href=\"https:\/\/www.avensisversicherungen.at\/index.php\/impressum\/\" \/>\n<meta property=\"og:locale\" content=\"de_DE\" \/>\n<meta property=\"og:type\" content=\"article\" \/>\n<meta property=\"og:title\" content=\"Impressum - Avensis Versicherungsagentur\" \/>\n<meta property=\"og:description\" content=\"[vc_row][vc_column icons_position=&#8220;left&#8220;][vc_column_text]Avensis KG Felberstra\u00dfe 2 1150 Wien \u00d6sterreich Tel : +43 1 786 72 66 E-Mail : office@avensisversicherungen.at Web: www.avensisversicherungen.at &nbsp; Gesch\u00e4ftsf\u00fchrer ist verantwortlich f\u00fcr den eigenen Inhalt der Webseite Eingetragen im Firmenbuch zu FN495822a, zust\u00e4ndiges Gericht Handelsgericht Wien Ust-ID: ATU73723429 Firmenbuchnummer: FN495822a Handelsgericht Wien &nbsp; Haftungshinweis: Trotz sorgf\u00e4ltiger inhaltlicher Kontrolle \u00fcbernehmen wir keine Haftung f\u00fcr die Inhalte externer Links&hellip;\" \/>\n<meta property=\"og:url\" content=\"https:\/\/www.avensisversicherungen.at\/index.php\/impressum\/\" \/>\n<meta property=\"og:site_name\" content=\"Avensis Versicherungsagentur\" \/>\n<meta property=\"article:modified_time\" content=\"2020-08-26T17:58:52+00:00\" \/>\n<meta name=\"twitter:card\" content=\"summary_large_image\" \/>\n<script type=\"application\/ld+json\" class=\"yoast-schema-graph\">{\"@context\":\"https:\/\/schema.org\",\"@graph\":[{\"@type\":\"WebSite\",\"@id\":\"https:\/\/www.avensisversicherungen.at\/#website\",\"url\":\"https:\/\/www.avensisversicherungen.at\/\",\"name\":\"Avensis Versicherungsagentur\",\"description\":\"Versicherungsberater\/-in im Au\\u00dfendienst. Mehr Sicherheit. Versicherungsleistung: Lebensversicherung, Pensionsversicherung, Unfallversicherung, Haushaltsversicherung, Rechtschutz, Kasko..\",\"potentialAction\":[{\"@type\":\"SearchAction\",\"target\":\"https:\/\/www.avensisversicherungen.at\/?s={search_term_string}\",\"query-input\":\"required name=search_term_string\"}],\"inLanguage\":\"de\"},{\"@type\":\"WebPage\",\"@id\":\"https:\/\/www.avensisversicherungen.at\/index.php\/impressum\/#webpage\",\"url\":\"https:\/\/www.avensisversicherungen.at\/index.php\/impressum\/\",\"name\":\"Impressum - Avensis Versicherungsagentur\",\"isPartOf\":{\"@id\":\"https:\/\/www.avensisversicherungen.at\/#website\"},\"datePublished\":\"2020-08-26T17:07:07+00:00\",\"dateModified\":\"2020-08-26T17:58:52+00:00\",\"inLanguage\":\"de\",\"potentialAction\":[{\"@type\":\"ReadAction\",\"target\":[\"https:\/\/www.avensisversicherungen.at\/index.php\/impressum\/\"]}]}]}<\/script>\n<!-- \/ Yoast SEO plugin. -->","_links":{"self":[{"href":"https:\/\/www.avensisversicherungen.at\/index.php\/wp-json\/wp\/v2\/pages\/949"}],"collection":[{"href":"https:\/\/www.avensisversicherungen.at\/index.php\/wp-json\/wp\/v2\/pages"}],"about":[{"href":"https:\/\/www.avensisversicherungen.at\/index.php\/wp-json\/wp\/v2\/types\/page"}],"author":[{"embeddable":true,"href":"https:\/\/www.avensisversicherungen.at\/index.php\/wp-json\/wp\/v2\/users\/1"}],"replies":[{"embeddable":true,"href":"https:\/\/www.avensisversicherungen.at\/index.php\/wp-json\/wp\/v2\/comments?post=949"}],"version-history":[{"count":3,"href":"https:\/\/www.avensisversicherungen.at\/index.php\/wp-json\/wp\/v2\/pages\/949\/revisions"}],"predecessor-version":[{"id":958,"href":"https:\/\/www.avensisversicherungen.at\/index.php\/wp-json\/wp\/v2\/pages\/949\/revisions\/958"}],"wp:attachment":[{"href":"https:\/\/www.avensisversicherungen.at\/index.php\/wp-json\/wp\/v2\/media?parent=949"}],"curies":[{"name":"wp","href":"https:\/\/api.w.org\/{rel}","templated":true}]}}